{"id":7,"date":"2024-07-23T12:56:31","date_gmt":"2024-07-23T09:56:31","guid":{"rendered":"http:\/\/kennelabsidian.com\/about\/"},"modified":"2024-07-23T13:19:58","modified_gmt":"2024-07-23T10:19:58","slug":"about","status":"publish","type":"page","link":"http:\/\/kennelabsidian.com\/et\/about\/","title":{"rendered":"Meist"},"content":{"rendered":"\n<div class=\"wp-block-media-text alignfull is-stacked-on-mobile alignwide\"><figure class=\"wp-block-media-text__media\"><img loading=\"lazy\" decoding=\"async\" width=\"683\" height=\"1024\" src=\"http:\/\/kennelabsidian.com\/wp-content\/uploads\/2023\/01\/DSC_8279-683x1024.jpg\" alt=\"\" class=\"wp-image-1551 size-full\" srcset=\"http:\/\/kennelabsidian.com\/wp-content\/uploads\/2023\/01\/DSC_8279-683x1024.jpg 683w, http:\/\/kennelabsidian.com\/wp-content\/uploads\/2023\/01\/DSC_8279-200x300.jpg 200w, http:\/\/kennelabsidian.com\/wp-content\/uploads\/2023\/01\/DSC_8279-768x1152.jpg 768w, http:\/\/kennelabsidian.com\/wp-content\/uploads\/2023\/01\/DSC_8279-1024x1536.jpg 1024w, http:\/\/kennelabsidian.com\/wp-content\/uploads\/2023\/01\/DSC_8279-300x450.jpg 300w, http:\/\/kennelabsidian.com\/wp-content\/uploads\/2023\/01\/DSC_8279-850x1275.jpg 850w, http:\/\/kennelabsidian.com\/wp-content\/uploads\/2023\/01\/DSC_8279.jpg 1365w\" sizes=\"auto, (max-width: 683px) 100vw, 683px\" \/><\/figure><div class=\"wp-block-media-text__content\">\n<p style=\"font-size:clamp(14px, 0.875rem + ((1vw - 3.2px) * 0.494), 19px);px\">Olen elanud koos koertega kogu oma elu. Vanematekodus oli meil alati v\u00e4hemalt kaks koera. Erilised lemmikud olid laika-mixid Terri ja Demi. Vanemaks saades ning kodust v\u00e4lja kolides, sai \u00fcpris kiirelt selgeks, et ilma koerteta ei ole ma kuigi \u00f5nnelik ja pika kaalumise tulemusena otsustasime whippeti kasuks. Esimene whippet Shelby tuli meile Leedu kennelist Absoliuti Idil\u00e9. Kuna \u00f5ige pea selgus, et kahekesi oleks koertel palju l\u00f5busam, ja kasvatajaga klappis meil ka v\u00e4ga h\u00e4sti, saime j\u00e4rgmisest pesakonnast kaasomandisse Lotte. J\u00e4rjest enam k\u00e4isime n\u00e4itustel, kus meil tavap\u00e4raselt l\u00e4ks suurep\u00e4raselt ja tundus v\u00e4ga loogiline asja edasi arendada ja registreerida end kasvatajakoolitusele. L\u00e4bisin koolituse edukalt ja kohe p\u00e4rast tunnistuse saamist registreerisin oma kennelnime Absidian (FCI 15\/2019).<br>T\u00e4naseks p\u00e4evaks on minu kasvandike hulgas mitmeid v\u00e4limikut\u0161empione ja edukaid maastikujooksjaid.<\/p>\n<\/div><\/div>\n\n\n\n<figure class=\"wp-block-image aligncenter size-large\"><img loading=\"lazy\" decoding=\"async\" width=\"725\" height=\"1024\" src=\"http:\/\/kennelabsidian.com\/wp-content\/uploads\/2020\/09\/1-1-725x1024.jpg\" alt=\"\" class=\"wp-image-1303\" srcset=\"http:\/\/kennelabsidian.com\/wp-content\/uploads\/2020\/09\/1-1-725x1024.jpg 725w, http:\/\/kennelabsidian.com\/wp-content\/uploads\/2020\/09\/1-1-212x300.jpg 212w, http:\/\/kennelabsidian.com\/wp-content\/uploads\/2020\/09\/1-1-768x1085.jpg 768w, http:\/\/kennelabsidian.com\/wp-content\/uploads\/2020\/09\/1-1-1087x1536.jpg 1087w, http:\/\/kennelabsidian.com\/wp-content\/uploads\/2020\/09\/1-1-1450x2048.jpg 1450w, http:\/\/kennelabsidian.com\/wp-content\/uploads\/2020\/09\/1-1-scaled.jpg 1812w\" sizes=\"auto, (max-width: 725px) 100vw, 725px\" \/><\/figure>\n","protected":false},"excerpt":{"rendered":"<p>Olen elanud koos koertega kogu oma elu. Vanematekodus oli meil alati v\u00e4hemalt kaks koera. Erilised lemmikud olid laika-mixid Terri ja Demi. Vanemaks saades ning kodust v\u00e4lja kolides, sai \u00fcpris kiirelt selgeks, et ilma koerteta ei ole ma kuigi \u00f5nnelik ja pika kaalumise tulemusena otsustasime whippeti kasuks. Esimene whippet Shelby tuli meile Leedu kennelist Absoliuti Idil\u00e9. [&hellip;]<\/p>\n","protected":false},"author":1,"featured_media":0,"parent":0,"menu_order":0,"comment_status":"closed","ping_status":"closed","template":"","meta":{"_monsterinsights_skip_tracking":false,"_monsterinsights_sitenote_active":false,"_monsterinsights_sitenote_note":"","_monsterinsights_sitenote_category":0,"footnotes":""},"class_list":["post-7","page","type-page","status-publish","hentry"],"uagb_featured_image_src":{"full":false,"thumbnail":false,"medium":false,"medium_large":false,"large":false,"rpg_gallery_admin_thumb":false,"rpg_gallery_thumb":false,"1536x1536":false,"2048x2048":false},"uagb_author_info":{"display_name":"kennelabsidian","author_link":"http:\/\/kennelabsidian.com\/et\/author\/kennelabsidian\/"},"uagb_comment_info":0,"uagb_excerpt":"Olen elanud koos koertega kogu oma elu. Vanematekodus oli meil alati v\u00e4hemalt kaks koera. Erilised lemmikud olid laika-mixid Terri ja Demi. Vanemaks saades ning kodust v\u00e4lja kolides, sai \u00fcpris kiirelt selgeks, et ilma koerteta ei ole ma kuigi \u00f5nnelik ja pika kaalumise tulemusena otsustasime whippeti kasuks. Esimene whippet Shelby tuli meile Leedu kennelist Absoliuti Idil\u00e9.&hellip;","_links":{"self":[{"href":"http:\/\/kennelabsidian.com\/et\/wp-json\/wp\/v2\/pages\/7","targetHints":{"allow":["GET"]}}],"collection":[{"href":"http:\/\/kennelabsidian.com\/et\/wp-json\/wp\/v2\/pages"}],"about":[{"href":"http:\/\/kennelabsidian.com\/et\/wp-json\/wp\/v2\/types\/page"}],"author":[{"embeddable":true,"href":"http:\/\/kennelabsidian.com\/et\/wp-json\/wp\/v2\/users\/1"}],"replies":[{"embeddable":true,"href":"http:\/\/kennelabsidian.com\/et\/wp-json\/wp\/v2\/comments?post=7"}],"version-history":[{"count":5,"href":"http:\/\/kennelabsidian.com\/et\/wp-json\/wp\/v2\/pages\/7\/revisions"}],"predecessor-version":[{"id":1770,"href":"http:\/\/kennelabsidian.com\/et\/wp-json\/wp\/v2\/pages\/7\/revisions\/1770"}],"wp:attachment":[{"href":"http:\/\/kennelabsidian.com\/et\/wp-json\/wp\/v2\/media?parent=7"}],"curies":[{"name":"wp","href":"https:\/\/api.w.org\/{rel}","templated":true}]}}